
{"id":224,"date":"2017-03-22T17:08:58","date_gmt":"2017-03-22T16:08:58","guid":{"rendered":"https:\/\/ensvenskklassiker.se\/en\/?page_id=224"},"modified":"2020-02-13T11:40:49","modified_gmt":"2020-02-13T10:40:49","slug":"lidingoloppet","status":"publish","type":"page","link":"https:\/\/ensvenskklassiker.se\/en\/our-races\/lidingoloppet\/","title":{"rendered":"Liding\u00f6loppet"},"content":{"rendered":"<h2>Liding\u00f6loppet \u2013\u00a0Running for the whole family<\/h2>\n<h4>TCS Liding\u00f6loppet is without a doubt a challenge for most people irrespective of which distance you choose to run. Whether you want to improve your time from last year, run faster than your neighbour, take your first steps in jogging or even try the Little Liding\u00f6lopp for the first time, over 50 years\u2019 experience tells us that this could be your biggest challenge yet. The main categorie is 30 km, but there are categories for all ages and many different distances.\u00a0<strong>Welcome to TCS Liding\u00f6loppet in the end of september.\u00a0<\/strong><\/h4>\n<hr \/>\n<h3>The classic races during Liding\u00f6loppet<\/h3>\n<h4>TCS Liding\u00f6loppet 30 km<\/h4>\n<p>The most famous of all our races in TCS Liding\u00f6loppet is without a doubt the 30 km race. The course is hilly and crosses throu the beautiful surroundings on the island of Liding\u00f6. TCS Liding\u00f6loppet 30 km is a physical challenge. To be able to run (or jog) the tuff hilly course the participants has to be in good shape, have stamina, and perhaps also a lot of willpower<em>\u00a0<\/em>. <strong style=\"font-size: 16px;\">TCS Liding\u00f6loppet 30 km is a race with strong Swedish traditions and since 1971, a part of the\u00a0<\/strong><strong><span class=\"s1\">competition\u00a0<\/span><\/strong><strong style=\"font-size: 16px;\">A Swedish Classic <\/strong><\/p>\n<p>&nbsp;<\/p>\n<hr \/>\n<h4>Rosa Bandet-loppet\/The Pink Ribbon race 10 km<\/h4>\n<p>The Swedish Cancer Society&#8217;s Pink Ribbon campaign and Liding\u00f6loppet starts a cooperation and the Pink Ribbon-campaign takes the role as host for the womens 10 km race. The Womens Liding\u00f6lopp is the official competition race for women and the grand final of the Liding\u00f6loppet weekend. In this competition you&#8217;ll experience beautiful nature along the tough 10km course. Whether your an experienced runner or just need a motivation for exercising, the Womens Liding\u00f6lopp is the race for you. The race track runs on the same paths and roads as Liding\u00f6loppet 30 km last 10km. Start and finish is on the Gr\u00f6nsta field, which makes it ideal for your family or friends to cheer you along.<\/p>\n<p><strong style=\"font-size: 16px;\">\u00a0<\/strong><\/p>\n<hr \/>\n<h4>TCS Liding\u00f6loppet 15 km<\/h4>\n<p class=\"\">It starts in the same place as the 30 km, Koltorps g\u00e4rde, \u00a0you&#8217;ll run on the same course but half the distance. This is not a competition class but time is recorded and you can seed yourself to a startgroup when you enter the race.<\/p>\n<p class=\"\"><img loading=\"lazy\" decoding=\"async\" class=\"alignnone wp-image-225 size-full\" src=\"https:\/\/ensvenskklassiker.se\/en\/app\/uploads\/sites\/2\/2017\/03\/topp-23.jpg\" width=\"750\" height=\"340\" srcset=\"https:\/\/ensvenskklassiker.se\/app\/uploads\/sites\/2\/2017\/03\/topp-23.jpg 750w, https:\/\/ensvenskklassiker.se\/app\/uploads\/sites\/2\/2017\/03\/topp-23-300x136.jpg 300w\" sizes=\"auto, (max-width: 750px) 100vw, 750px\" \/><\/p>\n<h3><\/h3>\n<hr \/>\n<p><iframe loading=\"lazy\" src=\"https:\/\/www.youtube.com\/embed\/ikqJBrKWHlc\" width=\"100%\" height=\"500\" frameborder=\"0\" allowfullscreen=\"allowfullscreen\"><\/iframe><\/p>\n<hr \/>\n<h3 class=\"p1\">Contact\u00a0Liding\u00f6loppet<\/h3>\n<p class=\"p1\"><span class=\"s1\"><b>Phone:<\/b><\/span><span class=\"s2\">\u00a0+ 46 8 \u2013 765 26 15<br \/>\n<\/span><span class=\"s2\"><b>E-Mail:<\/b><\/span><span class=\"s3\">\u00a0<a href=\"mailto:info@lidingoloppet.se\"><span class=\"s4\">info@lidingoloppet.se<\/span><\/a><\/span><\/p>\n<p class=\"p2\"><span class=\"s2\"><b>Web:<\/b><\/span><span class=\"s3\">\u00a0<a href=\"http:\/\/www.lidingoloppet.se\/\"><span class=\"s4\">www.lidingoloppet.se<\/span><\/a><a href=\"mailto:info@lidingoloppet.se\"><span class=\"s1\"><br \/>\n<\/span><\/a><\/span><span class=\"s2\"><b>Facebook:<\/b><\/span><span class=\"s3\">\u00a0<a href=\"https:\/\/www.facebook.com\/lidingoloppet\"><span class=\"s4\">www.facebook.com\/lidingoloppet<\/span><span class=\"s1\"><br \/>\n<\/span><\/a><\/span><span class=\"s2\"><b>Instagram:<\/b><\/span><span class=\"s3\">\u00a0<a href=\"https:\/\/www.instagram.com\/Lidingoloppet\/\"><span class=\"s4\">www.instagram.com\/Lidingoloppet<\/span><\/a><\/span><\/p>\n","protected":false},"excerpt":{"rendered":"<p>Liding\u00f6loppet \u2013\u00a0Running for the whole family TCS Liding\u00f6loppet is without a doubt a challenge for most people irrespective of which distance you choose to run. Whether you want to improve your time from last year, run faster than your neighbour, take your first steps in jogging or even try the Little Liding\u00f6lopp for the first [&hellip;]<\/p>\n","protected":false},"author":6,"featured_media":227,"parent":184,"menu_order":0,"comment_status":"closed","ping_status":"closed","template":"","meta":{"_acf_changed":false,"footnotes":""},"class_list":["post-224","page","type-page","status-publish","has-post-thumbnail","hentry"],"acf":[],"page_type":"","_links":{"self":[{"href":"https:\/\/ensvenskklassiker.se\/en\/wp-json\/wp\/v2\/pages\/224","targetHints":{"allow":["GET"]}}],"collection":[{"href":"https:\/\/ensvenskklassiker.se\/en\/wp-json\/wp\/v2\/pages"}],"about":[{"href":"https:\/\/ensvenskklassiker.se\/en\/wp-json\/wp\/v2\/types\/page"}],"author":[{"embeddable":true,"href":"https:\/\/ensvenskklassiker.se\/en\/wp-json\/wp\/v2\/users\/6"}],"replies":[{"embeddable":true,"href":"https:\/\/ensvenskklassiker.se\/en\/wp-json\/wp\/v2\/comments?post=224"}],"version-history":[{"count":8,"href":"https:\/\/ensvenskklassiker.se\/en\/wp-json\/wp\/v2\/pages\/224\/revisions"}],"predecessor-version":[{"id":704,"href":"https:\/\/ensvenskklassiker.se\/en\/wp-json\/wp\/v2\/pages\/224\/revisions\/704"}],"up":[{"embeddable":true,"href":"https:\/\/ensvenskklassiker.se\/en\/wp-json\/wp\/v2\/pages\/184"}],"wp:featuredmedia":[{"embeddable":true,"href":"https:\/\/ensvenskklassiker.se\/en\/wp-json\/wp\/v2\/media\/227"}],"wp:attachment":[{"href":"https:\/\/ensvenskklassiker.se\/en\/wp-json\/wp\/v2\/media?parent=224"}],"curies":[{"name":"wp","href":"https:\/\/api.w.org\/{rel}","templated":true}]}}