
{"id":216,"date":"2017-03-22T16:18:00","date_gmt":"2017-03-22T15:18:00","guid":{"rendered":"https:\/\/ensvenskklassiker.se\/en\/?page_id=216"},"modified":"2020-02-13T11:39:01","modified_gmt":"2020-02-13T10:39:01","slug":"vansbrosimningen","status":"publish","type":"page","link":"https:\/\/ensvenskklassiker.se\/en\/our-races\/vansbrosimningen\/","title":{"rendered":"Vansbrosimningen"},"content":{"rendered":"<h2>Vansbrosimningen \u2013 one of the world&#8217;s largest swimming competition<\/h2>\n<h4>Experience the joyful and festive atmosphere at Vansbrosimningen and be a part of the swimming community! Swim in a river surrounded by natural beauty. The competition has something for everyone; men and women, experienced athletes and mere swimming enthusiasts.<\/h4>\n<p class=\"\">Vansbrosimningen was founded in 1950 and is Sweden\u2019s largest Open Water event and a part of \u201cA Swedish Classic\u201d. Nearly 16 000 participate in the events, and besides Open Water Swimming, there are also races in triathlon, swimrun and road cycling!<\/p>\n<hr \/>\n<h3>The classics race<\/h3>\n<h4>Vansbrosimningen 3000 meter<\/h4>\n<p>Vansbrosimningen will take place on Saturday 8 July, 2017. The start area is under the classic start bridge and start waves are sent off with 12-15 minute intervals from 10.00 until about 16.00. The course is 3000 meters and swum under seven bridges in venue rivers Van\u00e5n and V\u00e4sterdal\u00e4lven. The first two kilometers are downstream and last kilometer is againt the stream in river V\u00e4sterdal\u00e4lven. Use the current in river Van\u00e5n by keeping to the right along the course marker, and close to the docks in river V\u00e4sterdal\u00e4lven to avoid the worst currents.<\/p>\n<p>&nbsp;<\/p>\n<hr \/>\n<h4>Vansbro Kortsim 1 000 meter<\/h4>\n<p>Vansbro Kortsim is ideal as entry level racing for those who want to try swimming in open water, but also suits the experienced swimmer as a fast race. The distance is equivalent to a third of the main event Vansbrosimningen and is open to both men and women. Starting point is the same as for Vansbro Tjejsim. The age limit for participation is from the year you turn 10 years. Mass start from land at 09.00.<\/p>\n<p>&nbsp;<\/p>\n<hr \/>\n<h4>Vansbro Tjejsim 1 000 meter<\/h4>\n<p>Vansbro Tjejsim has been on the program since 1992. Nowadays it is the largest event in open water swimming for women with around 3 000 participants. The race is for women only and included in Tjejklassikern (Ladies\u2019 Classic). The age limit for participation is from the year you turn 10 years.\u00a0Vansbro Tjejsim is 1000 meters long in river V\u00e4sterdal\u00e4lven. The race is divided into an elite and\u00a0recreational event. There are volunteers on docks, in boats and on stand-up boards along the entire course to keep track of your swimming. Swim near the docks to avoid the strongest currents! Audience can follow the race from the promenade from start to the finish area.<\/p>\n<p><strong>\u00a0<\/strong><\/p>\n<hr \/>\n<h4>Vansbro Halvsim 1500 meter<\/h4>\n<p>The start of Vansbro Halvsim is in river Van\u00e5n. After 500 meters swimming downstream, the course take a turn into river\u00a0V\u00e4sterdal\u00e4lven. You will save energy by swimming close to the bridges the last kilometer. The start is on land and start waves are sent off with 10 minutes apart. The race is divided into an elite and a recreational event. For swimmers who wish to participate in the first two start waves need previous qualifications (seeding). As for the non-elite competitors, however, no previous qualifications are required.<\/p>\n<p>White markers and red buoys tells you how far it is to finish. Our helpful volunteers keep track on swimmers along the entire course, on the docks, in boats and on stand-up boards. No matter the size if issue \u2013 don\u2019t hesitate to call ont their attention. Should you, for example pass a swimmer \u2013 make sure you do it to the left. It\u2019s possible to follow swimmers from the promenade along river V\u00e4sterdal\u00e4lven (last kilometer).<\/p>\n<p>&nbsp;<\/p>\n<p><img loading=\"lazy\" decoding=\"async\" class=\"alignnone size-full wp-image-217\" src=\"https:\/\/ensvenskklassiker.se\/en\/app\/uploads\/sites\/2\/2017\/03\/topp-38.jpg\" alt=\"\" width=\"750\" height=\"340\" srcset=\"https:\/\/ensvenskklassiker.se\/app\/uploads\/sites\/2\/2017\/03\/topp-38.jpg 750w, https:\/\/ensvenskklassiker.se\/app\/uploads\/sites\/2\/2017\/03\/topp-38-300x136.jpg 300w\" sizes=\"auto, (max-width: 750px) 100vw, 750px\" \/><\/p>\n<hr \/>\n<h3>History<\/h3>\n<p>Vansbrosimningen was founded 1950\u00a0with the aim to\u00a0spread the word of swimming, and doing so by swimming a longer distance under the six (today seven) bridges in Vansbro. Nine swimmers of ten completed\u00a0the first year. Vansbrosimningen became a contest 1956, before that no winner was named.\u00a0Nowadays, nearly 15 000 swimmers enjoy\u00a0three days of competitions, which makes the event to the largest in Sweden as well as one of the more prominent in Europe.<\/p>\n<p>Experience the joyful and festive atmosphere at the Vansbro Swimming competition and be a part of the swimming community. The competition has something for everyone; men and women, experienced athletes and mere swimming enthusiasts and you swim in a river surrounded by natural beauty. The course is\u00a0laid out in venue rivers V\u00e4sterdal\u00e4lven and Van\u00e5n. River Van\u00e5n is co-current, while the stream is against the current in river V\u00e4sterdal\u00e4lven. River V\u00e4sterdal\u00e4lven is the third longest river in Sweden with it\u2019s 315 kilometer. The rivers reach a temperature of + 16-22 Celcius degrees in early July. Current air and water temperature is displayed in the top of our website.<\/p>\n<p>Vansbrosimningen is one of Europe\u2019s largest Open Water Event and a part of \u201cA Swedish Classic\u201d<\/p>\n<hr \/>\n<p><iframe loading=\"lazy\" src=\"https:\/\/www.youtube.com\/embed\/0QLze82O5dY\" width=\"100%\" height=\"500\" frameborder=\"0\" allowfullscreen=\"allowfullscreen\"><\/iframe><\/p>\n<hr \/>\n<h3 class=\"p1\">Contact\u00a0Vansbrosimningen<\/h3>\n<p class=\"p1\"><span class=\"s1\"><b>Phone:<\/b><\/span><span class=\"s2\">\u00a0+ 46 281 \u2013 106 22<br \/>\n<\/span><span class=\"s2\"><b>Mail:<\/b><\/span><span class=\"s3\">\u00a0<a href=\"mailto:info@vansbrosimningen.se\"><span class=\"s4\">info@vansbrosimningen.se<\/span><\/a><\/span><\/p>\n<p class=\"p2\"><span class=\"s2\"><b>Web:<\/b><\/span><span class=\"s3\">\u00a0<a href=\"http:\/\/www.vansbrosimningen.se\/\"><span class=\"s4\">www.vansbrosimningen.se<\/span><\/a><a href=\"mailto:info@vansbrosimningen.se\"><span class=\"s1\"><br \/>\n<\/span><\/a><\/span><span class=\"s2\"><b>Facebook:<\/b><\/span><span class=\"s3\">\u00a0<a href=\"https:\/\/www.facebook.com\/vansbrosimningen\"><span class=\"s4\">www.facebook.com\/vansbrosimningen<\/span><span class=\"s1\"><br \/>\n<\/span><\/a><\/span><span class=\"s2\"><b>Instagram:<\/b><\/span><span class=\"s3\">\u00a0<a href=\"https:\/\/www.instagram.com\/vansbrosimningen\/\"><span class=\"s4\">www.instagram.com\/vansbrosimningen<\/span><\/a><\/span><\/p>\n","protected":false},"excerpt":{"rendered":"<p>Vansbrosimningen \u2013 one of the world&#8217;s largest swimming competition Experience the joyful and festive atmosphere at Vansbrosimningen and be a part of the swimming community! Swim in a river surrounded by natural beauty. The competition has something for everyone; men and women, experienced athletes and mere swimming enthusiasts. Vansbrosimningen was founded in 1950 and is [&hellip;]<\/p>\n","protected":false},"author":6,"featured_media":219,"parent":184,"menu_order":0,"comment_status":"closed","ping_status":"closed","template":"","meta":{"_acf_changed":false,"footnotes":""},"class_list":["post-216","page","type-page","status-publish","has-post-thumbnail","hentry"],"acf":[],"page_type":"","_links":{"self":[{"href":"https:\/\/ensvenskklassiker.se\/en\/wp-json\/wp\/v2\/pages\/216","targetHints":{"allow":["GET"]}}],"collection":[{"href":"https:\/\/ensvenskklassiker.se\/en\/wp-json\/wp\/v2\/pages"}],"about":[{"href":"https:\/\/ensvenskklassiker.se\/en\/wp-json\/wp\/v2\/types\/page"}],"author":[{"embeddable":true,"href":"https:\/\/ensvenskklassiker.se\/en\/wp-json\/wp\/v2\/users\/6"}],"replies":[{"embeddable":true,"href":"https:\/\/ensvenskklassiker.se\/en\/wp-json\/wp\/v2\/comments?post=216"}],"version-history":[{"count":5,"href":"https:\/\/ensvenskklassiker.se\/en\/wp-json\/wp\/v2\/pages\/216\/revisions"}],"predecessor-version":[{"id":701,"href":"https:\/\/ensvenskklassiker.se\/en\/wp-json\/wp\/v2\/pages\/216\/revisions\/701"}],"up":[{"embeddable":true,"href":"https:\/\/ensvenskklassiker.se\/en\/wp-json\/wp\/v2\/pages\/184"}],"wp:featuredmedia":[{"embeddable":true,"href":"https:\/\/ensvenskklassiker.se\/en\/wp-json\/wp\/v2\/media\/219"}],"wp:attachment":[{"href":"https:\/\/ensvenskklassiker.se\/en\/wp-json\/wp\/v2\/media?parent=216"}],"curies":[{"name":"wp","href":"https:\/\/api.w.org\/{rel}","templated":true}]}}