
{"id":202,"date":"2017-03-22T16:02:44","date_gmt":"2017-03-22T15:02:44","guid":{"rendered":"https:\/\/ensvenskklassiker.se\/en\/?page_id=202"},"modified":"2020-02-13T11:37:06","modified_gmt":"2020-02-13T10:37:06","slug":"vasaloppet","status":"publish","type":"page","link":"https:\/\/ensvenskklassiker.se\/en\/our-races\/vasaloppet\/","title":{"rendered":"Vasaloppet"},"content":{"rendered":"<h2>Vasaloppet \u2013\u00a0\u00a0the world&#8217;s oldest, longest and biggest ski race.<\/h2>\n<div class=\"post-content\"><\/div>\n<h4>Vasaloppet is the world\u2019s oldest, longest and biggest cross-country ski race. It has a rich history and tradition; hundreds of thousands of skiers have tackled the 90 km stretch from S\u00e4len to Mora since the start in 1922.<\/h4>\n<p class=\"paragraph-large with-line-height base-margin-top-x3\">The first race was in 1922 and the classic 90 km stretch from Berga by in S\u00e4len to Mora was, for a long time, the only Vasaloppet race. Today there are sixteen different races; cycling, running and cross-country skiing, that together attract 100,000 registered participants every year. All these races run along the historic stretch between S\u00e4len and Mora.<\/p>\n<p class=\"paragraph-large with-line-height base-margin-top-x3\">Vasaloppsf\u00f6reningen S\u00e4len-Mora has approximately 35 year-round employees who work with planning, preparing and developing these events.<\/p>\n<hr \/>\n<hr \/>\n<h3>The classic races in Vasaloppet<\/h3>\n<h4>Vasaloppet 90 km<\/h4>\n<p>Vasaloppet is the world\u2019s oldest, longest and biggest cross-country ski race. It has a rich history and tradition; hundreds of thousands of skiers have tackled the 90 km stretch from S\u00e4len to Mora since the start in 1922. Rigorous training and careful preparation is needed to complete this 90 km challenge. It is a race with classic technique along a magical landscape, followed by two million television viewers in Sweden alone. Now is the time to rise to the challenge!<\/p>\n<p>&nbsp;<\/p>\n<hr \/>\n<h4>\u00d6ppet sp\u00e5r 90 km<\/h4>\n<p>For those who wish to participate in the world\u2019s longest ski race from S\u00e4len to Mora without competing against anyone but themselves. The track is exactly the same as in Vasaloppet and it runs past the same checkpoints. The challenge is identical, as is the marvellous nature along the track. Train rigorously and prepare yourself for 90 kilometres of classic technique skiing. See you in Mora!<\/p>\n<p>&nbsp;<\/p>\n<hr \/>\n<h4>Vasaloppet 30 km<\/h4>\n<h4 class=\"headline-large with-line-height hide-sm\">The race for everyone, young and old.<\/h4>\n<div class=\"post-content\">\n<p class=\"paragraph-large with-line-height\">Kortvasan is the race for everyone! Since its inception in 1997, Kortvasan has gathered families and friends, young and old, to tackle the 30 km from Oxberg to Mora. With good training and preparation, anyone can take on this challenge! The technique is classic and everyone from the age of 12 and up are welcome to participate. Take this opportunity to experience true joy and fellowship in the ski tracks!<\/p>\n<\/div>\n<p>&nbsp;<\/p>\n<p>&nbsp;<\/p>\n<h4>Tjejvasan 30 km<\/h4>\n<h4 class=\"headline-large with-line-height hide-sm\">The world&#8217;s biggest ski race only for women.<\/h4>\n<div class=\"post-content\">\n<p class=\"paragraph-large with-line-height\">This race is 30 km long and only for women. An unusual experience where the elite stands side by side with groups of friends competing for fun. The festive mood is high and the track lined with live music and activities. Simply put, it is a fantastic combination of joy, sweat and community. Although the race is relatively short, you will need to prepare well to complete this challenge. Tjejvasan is broadcast live on Swedish Television every year since 2012.<\/p>\n<\/div>\n<p>&nbsp;<\/p>\n<hr \/>\n<h4>Vasaloppet 45 km<\/h4>\n<div class=\"post-content\">\n<p class=\"paragraph-large with-line-height\">If you want a real challenge and a marvellous nature experience. This half Vasaloppet starts in Oxberg and, unlike our shorter races, takes an extra turn around the terrain before reaching the finish in Mora. The race is 45 km and relatively easy to ski, but remember that none of our races should be undertaken without good preparation and training.<\/p>\n<\/div>\n<p>&nbsp;<\/p>\n<p>&nbsp;<\/p>\n<hr \/>\n<h3>The story of Vasaloppet<\/h3>\n<p>Vasaloppet started in 1922, but really it is much older than that. The first Vasalopp was carried out as early as 1521 by Gustav Eriksson. During his flight from the Danish king he stopped in S\u00e4len and returned to Mora to lead the uprising against the occupation forces. Gustav Eriksson eventually united the realm and became Sweden\u2019s first king, better known under the name Gustav Vasa. In other words, S\u00e4len is not only the starting point for the world\u2019s largest exercise race; it is also the starting point for the history of our whole country.<\/p>\n<p class=\"paragraph-large with-line-height\">Anders Pers, from Mora, is the father of Vasaloppet. It was from his thoughts that the world\u2019s biggest ski race was born. He wrote about the contemporary interest in skiing and linked it to Gustav Eriksson Vasa\u2019s flight on skis from Mora towards Norway in 1521.<\/p>\n<p class=\"paragraph-large with-line-height\">In an article in a local newspaper, Vestmanlands L\u00e4ns Tidning, on 10th February 1922, he launched the idea of a Vasalopp. The national newspaper, Dagens Nyheter, reprinted his article the day after and, at the same time, gave its support for a long ski race, a test of endurance, as a commemoration of Gustav Vasa. After some considerable press debate, both for and against the idea, IFK Mora\u2019s Board decided on 5th March to run a trial race, if there was some suitable financial backing. Dagens Nyheter donated 1,000 crowns to the arrangers and thus made it possible for the first Vasaloppet to be run on Sunday 19th March 1922.<\/p>\n<p class=\"paragraph-large with-line-height\">Carl Emmanuel Berg from G\u00f6ta in Karlstad was the first to register for Vasaloppet, on March 10th. In total 136 registrations came in to the competition secretariat by telegraph and telephone. 119 skiers came to the start, among them some of the foremost in Sweden: Per-Erik \u201cS\u00e4rna\u201d Hedlund, Str\u00e5l Lars Eriksson, IFK Mora, Jonas Persson, Arbr\u00e5, and Oskar Lindberg from Norsj\u00f6 in V\u00e4sterbotten.<\/p>\n<p class=\"paragraph-large with-line-height\">At precisely 6.04 am, the race steward, Johan Westling, flagged the Vasalopps skiers off from Olnispag\u00e5rden on the west side of the river in S\u00e4len. 7 hours 32 minutes and 49 seconds later the victor reached the goal in Mora after 90 kms skiing in sleet and snow. And it was Ernst Alm, from Norsj\u00f6 IF, who won, five minutes before Oskar Lindberg, from the same club.<\/p>\n<p><iframe loading=\"lazy\" src=\"https:\/\/www.youtube.com\/embed\/poKiKs8zV2w?list=PLEs1IxN0C-ARg39yv2J3UBsikCk-9Di0f\" width=\"100%\" height=\"500\" frameborder=\"0\" allowfullscreen=\"allowfullscreen\"><\/iframe><\/p>\n<hr \/>\n<h3 class=\"p1\"><span class=\"s1\"><b>Contact\u00a0Vasaloppet<\/b><\/span><\/h3>\n<p class=\"p2\"><span class=\"s2\"><b>Phone:<\/b><\/span><span class=\"s1\">\u00a0+46 250 \u2013 392 00<br \/>\n<\/span><span class=\"s1\"><b>Mail:<\/b><\/span><span class=\"s3\">\u00a0<a href=\"mailto:info@vasaloppet.se\"><span class=\"s4\">info@vasaloppet.se<\/span><\/a><\/span><\/p>\n<p><span class=\"s1\"><b>Web:<\/b><\/span><span class=\"s3\">\u00a0<a href=\"http:\/\/www.vasaloppet.se\/\"><span class=\"s4\">www.vasaloppet.se<\/span><\/a><a href=\"mailto:info@vasaloppet.se\"><span class=\"s2\"><br \/>\n<\/span><\/a><\/span><span class=\"s1\"><b>Facebook:<\/b><\/span><span class=\"s3\">\u00a0\u00a0<a href=\"https:\/\/www.facebook.com\/vasaloppetofficial\"><span class=\"s4\">www.facebook.com\/vasaloppetofficial<\/span><span class=\"s2\"><br \/>\n<\/span><\/a><\/span><span class=\"s1\"><b>Instagram:<\/b><\/span><span class=\"s3\">\u00a0<a href=\"https:\/\/www.instagram.com\/vasaloppet\/\"><span class=\"s4\">www.instagram.com\/vasaloppet<\/span><\/a><\/span><\/p>\n","protected":false},"excerpt":{"rendered":"<p>Vasaloppet \u2013\u00a0\u00a0the world&#8217;s oldest, longest and biggest ski race. Vasaloppet is the world\u2019s oldest, longest and biggest cross-country ski race. It has a rich history and tradition; hundreds of thousands of skiers have tackled the 90 km stretch from S\u00e4len to Mora since the start in 1922. The first race was in 1922 and the [&hellip;]<\/p>\n","protected":false},"author":6,"featured_media":205,"parent":184,"menu_order":0,"comment_status":"closed","ping_status":"closed","template":"","meta":{"_acf_changed":false,"footnotes":""},"class_list":["post-202","page","type-page","status-publish","has-post-thumbnail","hentry"],"acf":[],"page_type":"","_links":{"self":[{"href":"https:\/\/ensvenskklassiker.se\/en\/wp-json\/wp\/v2\/pages\/202","targetHints":{"allow":["GET"]}}],"collection":[{"href":"https:\/\/ensvenskklassiker.se\/en\/wp-json\/wp\/v2\/pages"}],"about":[{"href":"https:\/\/ensvenskklassiker.se\/en\/wp-json\/wp\/v2\/types\/page"}],"author":[{"embeddable":true,"href":"https:\/\/ensvenskklassiker.se\/en\/wp-json\/wp\/v2\/users\/6"}],"replies":[{"embeddable":true,"href":"https:\/\/ensvenskklassiker.se\/en\/wp-json\/wp\/v2\/comments?post=202"}],"version-history":[{"count":3,"href":"https:\/\/ensvenskklassiker.se\/en\/wp-json\/wp\/v2\/pages\/202\/revisions"}],"predecessor-version":[{"id":697,"href":"https:\/\/ensvenskklassiker.se\/en\/wp-json\/wp\/v2\/pages\/202\/revisions\/697"}],"up":[{"embeddable":true,"href":"https:\/\/ensvenskklassiker.se\/en\/wp-json\/wp\/v2\/pages\/184"}],"wp:featuredmedia":[{"embeddable":true,"href":"https:\/\/ensvenskklassiker.se\/en\/wp-json\/wp\/v2\/media\/205"}],"wp:attachment":[{"href":"https:\/\/ensvenskklassiker.se\/en\/wp-json\/wp\/v2\/media?parent=202"}],"curies":[{"name":"wp","href":"https:\/\/api.w.org\/{rel}","templated":true}]}}